{"id":2410,"date":"2024-06-09T17:35:14","date_gmt":"2024-06-09T15:35:14","guid":{"rendered":"https:\/\/navajowhite-dolphin-890040.hostingersite.com\/?page_id=2410"},"modified":"2025-02-26T19:56:11","modified_gmt":"2025-02-26T18:56:11","slug":"somos-pet-friendly","status":"publish","type":"page","link":"https:\/\/laconcordiapanama.com.pa\/es\/somos-pet-friendly\/","title":{"rendered":"Somos Pet Friendly"},"content":{"rendered":"<style>.elementor-2410 .elementor-element.elementor-element-54a4ef5:not(.elementor-motion-effects-element-type-background), .elementor-2410 .elementor-element.elementor-element-54a4ef5 > .elementor-motion-effects-container > .elementor-motion-effects-layer{background-image:url(\"https:\/\/laconcordiapanama.com.pa\/wp-content\/uploads\/2024\/03\/Pet-Friendly-2-1024x865.webp\");background-position:0px 80%;background-size:cover;}.elementor-2410 .elementor-element.elementor-element-54a4ef5 > .elementor-background-overlay{background-color:#000000;opacity:0.5;transition:background 0.3s, border-radius 0.3s, opacity 0.3s;}.elementor-2410 .elementor-element.elementor-element-54a4ef5 > .elementor-container{max-width:1240px;min-height:80vh;}.elementor-2410 .elementor-element.elementor-element-54a4ef5{transition:background 0.3s, border 0.3s, border-radius 0.3s, box-shadow 0.3s;padding:0px 0px 0px 0px;}.elementor-2410 .elementor-element.elementor-element-819560a > .elementor-container{max-width:1240px;}.elementor-2410 .elementor-element.elementor-element-819560a{padding:120px 0px 20px 0px;}.elementor-widget-heading .elementor-heading-title{font-family:var( --e-global-typography-primary-font-family ), Sans-serif;font-weight:var( --e-global-typography-primary-font-weight );color:var( --e-global-color-primary );}.elementor-2410 .elementor-element.elementor-element-36164f2 .elementor-heading-title{font-family:\"El Messiri\", Sans-serif;font-size:3em;font-weight:600;line-height:1em;color:var( --e-global-color-3900b79 );}.elementor-widget-text-editor{font-family:var( --e-global-typography-text-font-family ), Sans-serif;font-size:var( --e-global-typography-text-font-size );font-weight:var( --e-global-typography-text-font-weight );letter-spacing:var( --e-global-typography-text-letter-spacing );color:var( --e-global-color-text );}.elementor-widget-text-editor.elementor-drop-cap-view-stacked .elementor-drop-cap{background-color:var( --e-global-color-primary );}.elementor-widget-text-editor.elementor-drop-cap-view-framed .elementor-drop-cap, .elementor-widget-text-editor.elementor-drop-cap-view-default .elementor-drop-cap{color:var( --e-global-color-primary );border-color:var( --e-global-color-primary );}.elementor-2410 .elementor-element.elementor-element-f4fe1dc > .elementor-widget-container{margin:0px 0px 0px 0px;}.elementor-2410 .elementor-element.elementor-element-f4fe1dc{text-align:justify;font-family:var( --e-global-typography-text-font-family ), Sans-serif;font-size:var( --e-global-typography-text-font-size );font-weight:var( --e-global-typography-text-font-weight );letter-spacing:var( --e-global-typography-text-letter-spacing );}.elementor-2410 .elementor-element.elementor-element-e19bbe4 > .elementor-widget-container{margin:0px 0px 0px 0px;}.elementor-2410 .elementor-element.elementor-element-e19bbe4{text-align:justify;font-family:var( --e-global-typography-text-font-family ), Sans-serif;font-size:var( --e-global-typography-text-font-size );font-weight:var( --e-global-typography-text-font-weight );letter-spacing:var( --e-global-typography-text-letter-spacing );}.elementor-2410 .elementor-element.elementor-element-749d17b > .elementor-element-populated{margin:0px 0px 0px 60px;--e-column-margin-right:0px;--e-column-margin-left:60px;}.elementor-2410 .elementor-element.elementor-element-4ec64cb > .elementor-widget-container{margin:0px 0px 0px 0px;}.elementor-2410 .elementor-element.elementor-element-4ec64cb{text-align:justify;font-family:var( --e-global-typography-text-font-family ), Sans-serif;font-size:var( --e-global-typography-text-font-size );font-weight:var( --e-global-typography-text-font-weight );letter-spacing:var( --e-global-typography-text-letter-spacing );}.elementor-2410 .elementor-element.elementor-element-0369b6d > .elementor-widget-container{margin:0px 0px 0px 0px;}.elementor-2410 .elementor-element.elementor-element-0369b6d{text-align:justify;font-family:var( --e-global-typography-text-font-family ), Sans-serif;font-size:var( --e-global-typography-text-font-size );font-weight:var( --e-global-typography-text-font-weight );letter-spacing:var( --e-global-typography-text-letter-spacing );}.elementor-2410 .elementor-element.elementor-element-f6da924{margin-top:0px;margin-bottom:0px;padding:0px 0px 60px 0px;}.elementor-2410 .elementor-element.elementor-element-2896387{margin-top:0px;margin-bottom:0px;}.elementor-2410 .elementor-element.elementor-element-4b0ff70:not(.elementor-motion-effects-element-type-background) > .elementor-widget-wrap, .elementor-2410 .elementor-element.elementor-element-4b0ff70 > .elementor-widget-wrap > .elementor-motion-effects-container > .elementor-motion-effects-layer{background-image:url(\"https:\/\/laconcordiapanama.com.pa\/wp-content\/uploads\/2024\/06\/38.webp\");background-position:center center;background-size:cover;}.elementor-2410 .elementor-element.elementor-element-4b0ff70 > .elementor-element-populated, .elementor-2410 .elementor-element.elementor-element-4b0ff70 > .elementor-element-populated > .elementor-background-overlay, .elementor-2410 .elementor-element.elementor-element-4b0ff70 > .elementor-background-slideshow{border-radius:25px 25px 25px 25px;}.elementor-2410 .elementor-element.elementor-element-4b0ff70 > .elementor-element-populated{transition:background 0.3s, border 0.3s, border-radius 0.3s, box-shadow 0.3s;margin:0px 0px 0px 0px;--e-column-margin-right:0px;--e-column-margin-left:0px;}.elementor-2410 .elementor-element.elementor-element-4b0ff70 > .elementor-element-populated > .elementor-background-overlay{transition:background 0.3s, border-radius 0.3s, opacity 0.3s;}.elementor-2410 .elementor-element.elementor-element-d96e237{--spacer-size:700px;}.elementor-2410 .elementor-element.elementor-element-d96e237 > .elementor-widget-container{border-radius:0px 20px 20px 0px;}.elementor-2410 .elementor-element.elementor-element-cae47cb > .elementor-element-populated{margin:0px 0px 0px 60px;--e-column-margin-right:0px;--e-column-margin-left:60px;}.elementor-2410 .elementor-element.elementor-element-a7e9296{--spacer-size:550px;width:var( --container-widget-width, 560px );max-width:560px;--container-widget-width:560px;--container-widget-flex-grow:0;}.elementor-2410 .elementor-element.elementor-element-a7e9296 > .elementor-widget-container{background-color:#E7E7E7;background-image:url(\"https:\/\/laconcordiapanama.com.pa\/wp-content\/uploads\/2024\/06\/37.webp\");background-position:top center;background-size:cover;border-radius:20px 20px 20px 20px;}.elementor-2410 .elementor-element.elementor-element-ddf8056 > .elementor-container{max-width:1400px;}.elementor-2410 .elementor-element.elementor-element-ddf8056{margin-top:-100px;margin-bottom:0px;padding:0% 0% 0% 50%;}.elementor-2410 .elementor-element.elementor-element-ca59856 > .elementor-element-populated{padding:0px 0px 0px 60px;}.elementor-2410 .elementor-element.elementor-element-f5a1f1c{--spacer-size:400px;width:var( --container-widget-width, 320px );max-width:320px;--container-widget-width:320px;--container-widget-flex-grow:0;}.elementor-2410 .elementor-element.elementor-element-f5a1f1c > .elementor-widget-container{background-color:#E7E7E7;background-image:url(\"https:\/\/laconcordiapanama.com.pa\/wp-content\/uploads\/2024\/03\/Pet-Friendly-5.webp\");margin:0px 0px 0px 0px;background-position:center center;background-size:cover;border-radius:20px 20px 20px 20px;}.elementor-2410 .elementor-element.elementor-element-106da25 .jeg-elementor-kit.jkit-button .jkit-button-wrapper{background-color:var( --e-global-color-3900b79 );padding:15px 34px 15px 34px;font-family:var( --e-global-typography-20bbc48-font-family ), Sans-serif;font-size:var( --e-global-typography-20bbc48-font-size );font-weight:var( --e-global-typography-20bbc48-font-weight );text-transform:var( --e-global-typography-20bbc48-text-transform );letter-spacing:var( --e-global-typography-20bbc48-letter-spacing );color:#FFFFFF;border-style:solid;border-width:1px 1px 1px 1px;border-color:var( --e-global-color-3900b79 );border-radius:50px 50px 50px 50px;}.elementor-2410 .elementor-element.elementor-element-106da25 .jeg-elementor-kit.jkit-button .jkit-button-wrapper:not(.hover-gradient):hover, .elementor-2410 .elementor-element.elementor-element-106da25 .jeg-elementor-kit.jkit-button .jkit-button-wrapper.hover-gradient:before{background-color:var( --e-global-color-7bfeb4c );}.elementor-2410 .elementor-element.elementor-element-106da25{width:auto;max-width:auto;}.elementor-2410 .elementor-element.elementor-element-106da25 > .elementor-widget-container{margin:0px 0px 0px 20px;}.elementor-2410 .elementor-element.elementor-element-106da25 .jeg-elementor-kit.jkit-button{text-align:right;}.elementor-2410 .elementor-element.elementor-element-106da25 .jeg-elementor-kit.jkit-button .jkit-button-wrapper svg{fill:#FFFFFF;width:14px;}.elementor-2410 .elementor-element.elementor-element-106da25 .jeg-elementor-kit.jkit-button .jkit-button-wrapper:hover{color:var( --e-global-color-3900b79 );}.elementor-2410 .elementor-element.elementor-element-106da25 .jeg-elementor-kit.jkit-button .jkit-button-wrapper:hover svg{fill:var( --e-global-color-3900b79 );}.elementor-2410 .elementor-element.elementor-element-106da25 .jeg-elementor-kit.jkit-button .jkit-button-wrapper i{font-size:14px;}.elementor-2410 .elementor-element.elementor-element-106da25 .jeg-elementor-kit.jkit-button.icon-position-before .jkit-button-wrapper i, .elementor-2410 .elementor-element.elementor-element-106da25 .jeg-elementor-kit.jkit-button.icon-position-before .jkit-button-wrapper svg{margin-right:10px;}.elementor-2410 .elementor-element.elementor-element-106da25 .jeg-elementor-kit.jkit-button.icon-position-after .jkit-button-wrapper i, .elementor-2410 .elementor-element.elementor-element-106da25 .jeg-elementor-kit.jkit-button.icon-position-after .jkit-button-wrapper svg{margin-left:10px;}.elementor-2410 .elementor-element.elementor-element-106da25 .jeg-elementor-kit.jkit-button .jkit-button-wrapper i, .elementor-2410 .elementor-element.elementor-element-106da25 .jeg-elementor-kit.jkit-button .jkit-button-wrapper svg{-webkit-transform:translateY(-1px);-ms-transform:translateY(-1px);-o-transform:translateY(-1px);-moz-transform:translateY(-1px);transform:translateY(-1px);}.elementor-2410 .elementor-element.elementor-element-106da25 .jeg-elementor-kit.jkit-button .jkit-button-wrapper:not(:hover) > i{color:#000000;}.elementor-2410 .elementor-element.elementor-element-106da25 .jeg-elementor-kit.jkit-button .jkit-button-wrapper:not(:hover) > svg{fill:#000000;}@media(min-width:768px){.elementor-2410 .elementor-element.elementor-element-4b0ff70{width:50%;}.elementor-2410 .elementor-element.elementor-element-cae47cb{width:50%;}}@media(max-width:1024px){.elementor-2410 .elementor-element.elementor-element-54a4ef5:not(.elementor-motion-effects-element-type-background), .elementor-2410 .elementor-element.elementor-element-54a4ef5 > .elementor-motion-effects-container > .elementor-motion-effects-layer{background-position:0px 0%;}.elementor-2410 .elementor-element.elementor-element-819560a{padding:80px 20px 20px 20px;}.elementor-2410 .elementor-element.elementor-element-2343041 > .elementor-element-populated{margin:0px 0px 30px 0px;--e-column-margin-right:0px;--e-column-margin-left:0px;}.elementor-2410 .elementor-element.elementor-element-36164f2 .elementor-heading-title{line-height:1em;}.elementor-widget-text-editor{font-size:var( --e-global-typography-text-font-size );letter-spacing:var( --e-global-typography-text-letter-spacing );}.elementor-2410 .elementor-element.elementor-element-f4fe1dc{font-size:var( --e-global-typography-text-font-size );letter-spacing:var( --e-global-typography-text-letter-spacing );}.elementor-2410 .elementor-element.elementor-element-e19bbe4{font-size:var( --e-global-typography-text-font-size );letter-spacing:var( --e-global-typography-text-letter-spacing );}.elementor-2410 .elementor-element.elementor-element-749d17b > .elementor-element-populated{margin:0px 0px 0px 0px;--e-column-margin-right:0px;--e-column-margin-left:0px;}.elementor-2410 .elementor-element.elementor-element-4ec64cb{font-size:var( --e-global-typography-text-font-size );letter-spacing:var( --e-global-typography-text-letter-spacing );}.elementor-2410 .elementor-element.elementor-element-0369b6d{font-size:var( --e-global-typography-text-font-size );letter-spacing:var( --e-global-typography-text-letter-spacing );}.elementor-2410 .elementor-element.elementor-element-f6da924{margin-top:20px;margin-bottom:0px;padding:0px 0px 50px 0px;}.elementor-2410 .elementor-element.elementor-element-e29a8e5 > .elementor-element-populated{padding:0px 20px 0px 0px;}.elementor-2410 .elementor-element.elementor-element-cae47cb > .elementor-element-populated{margin:0px 0px 0px 40px;--e-column-margin-right:0px;--e-column-margin-left:40px;}.elementor-2410 .elementor-element.elementor-element-a7e9296{--spacer-size:340px;width:100%;max-width:100%;}.elementor-2410 .elementor-element.elementor-element-ddf8056{margin-top:-320px;margin-bottom:0px;}.elementor-2410 .elementor-element.elementor-element-ca59856 > .elementor-element-populated{padding:0px 0px 0px 40px;}.elementor-2410 .elementor-element.elementor-element-f5a1f1c{width:100%;max-width:100%;}.elementor-2410 .elementor-element.elementor-element-106da25 .jeg-elementor-kit.jkit-button .jkit-button-wrapper{font-size:var( --e-global-typography-20bbc48-font-size );letter-spacing:var( --e-global-typography-20bbc48-letter-spacing );}}@media(max-width:767px){.elementor-2410 .elementor-element.elementor-element-54a4ef5:not(.elementor-motion-effects-element-type-background), .elementor-2410 .elementor-element.elementor-element-54a4ef5 > .elementor-motion-effects-container > .elementor-motion-effects-layer{background-position:center center;}.elementor-2410 .elementor-element.elementor-element-819560a{padding:80px 10px 20px 10px;}.elementor-2410 .elementor-element.elementor-element-36164f2 .elementor-heading-title{font-size:40px;line-height:1em;}.elementor-widget-text-editor{font-size:var( --e-global-typography-text-font-size );letter-spacing:var( --e-global-typography-text-letter-spacing );}.elementor-2410 .elementor-element.elementor-element-f4fe1dc{font-size:var( --e-global-typography-text-font-size );letter-spacing:var( --e-global-typography-text-letter-spacing );}.elementor-2410 .elementor-element.elementor-element-e19bbe4{font-size:var( --e-global-typography-text-font-size );letter-spacing:var( --e-global-typography-text-letter-spacing );}.elementor-2410 .elementor-element.elementor-element-4ec64cb{font-size:var( --e-global-typography-text-font-size );letter-spacing:var( --e-global-typography-text-letter-spacing );}.elementor-2410 .elementor-element.elementor-element-0369b6d{font-size:var( --e-global-typography-text-font-size );letter-spacing:var( --e-global-typography-text-letter-spacing );}.elementor-2410 .elementor-element.elementor-element-e29a8e5 > .elementor-element-populated{padding:0px 10px 0px 10px;}.elementor-2410 .elementor-element.elementor-element-d96e237{--spacer-size:369px;}.elementor-2410 .elementor-element.elementor-element-d96e237 > .elementor-widget-container{border-radius:20px 20px 20px 20px;}.elementor-2410 .elementor-element.elementor-element-cae47cb > .elementor-element-populated{margin:40px 0px 0px 0px;--e-column-margin-right:0px;--e-column-margin-left:0px;}.elementor-2410 .elementor-element.elementor-element-106da25 > .elementor-widget-container{margin:0px 0px 0px 20px;}.elementor-2410 .elementor-element.elementor-element-106da25 .jeg-elementor-kit.jkit-button .jkit-button-wrapper{font-size:var( --e-global-typography-20bbc48-font-size );letter-spacing:var( --e-global-typography-20bbc48-letter-spacing );}}@media(max-width:1024px) and (min-width:768px){.elementor-2410 .elementor-element.elementor-element-2343041{width:100%;}.elementor-2410 .elementor-element.elementor-element-749d17b{width:100%;}}<\/style>\t\t<div data-elementor-type=\"wp-page\" data-elementor-id=\"2410\" class=\"elementor elementor-2410\">\n\t\t\t\t\t\t<section class=\"elementor-section elementor-top-section elementor-element elementor-element-54a4ef5 elementor-section-height-min-height elementor-section-boxed elementor-section-height-default elementor-section-items-middle\" data-id=\"54a4ef5\" data-element_type=\"section\" data-settings=\"{&quot;background_background&quot;:&quot;classic&quot;}\">\n\t\t\t\t\t\t\t<div class=\"elementor-background-overlay\"><\/div>\n\t\t\t\t\t\t\t<div class=\"elementor-container elementor-column-gap-no\">\n\t\t\t\t\t<div class=\"elementor-column elementor-col-100 elementor-top-column elementor-element elementor-element-650599c\" data-id=\"650599c\" data-element_type=\"column\">\n\t\t\t<div class=\"elementor-widget-wrap\">\n\t\t\t\t\t\t\t<\/div>\n\t\t<\/div>\n\t\t\t\t\t<\/div>\n\t\t<\/section>\n\t\t\t\t<section class=\"elementor-section elementor-top-section elementor-element elementor-element-819560a elementor-section-boxed elementor-section-height-default elementor-section-height-default\" data-id=\"819560a\" data-element_type=\"section\">\n\t\t\t\t\t\t<div class=\"elementor-container elementor-column-gap-no\">\n\t\t\t\t\t<div class=\"elementor-column elementor-col-50 elementor-top-column elementor-element elementor-element-2343041\" data-id=\"2343041\" data-element_type=\"column\">\n\t\t\t<div class=\"elementor-widget-wrap elementor-element-populated\">\n\t\t\t\t\t\t<div class=\"elementor-element elementor-element-36164f2 elementor-widget elementor-widget-heading\" data-id=\"36164f2\" data-element_type=\"widget\" data-widget_type=\"heading.default\">\n\t\t\t\t<div class=\"elementor-widget-container\">\n\t\t\t\t\t<h3 class=\"elementor-heading-title elementor-size-default\">Somos pet friendly<\/h3>\t\t\t\t<\/div>\n\t\t\t\t<\/div>\n\t\t\t\t<div class=\"elementor-element elementor-element-f4fe1dc elementor-widget elementor-widget-text-editor\" data-id=\"f4fe1dc\" data-element_type=\"widget\" data-widget_type=\"text-editor.default\">\n\t\t\t\t<div class=\"elementor-widget-container\">\n\t\t\t\t\t\t\t\t\tEn La Concordia, damos una c\u00e1lida bienvenida a perros entrenados de todos los tama\u00f1os y razas. Lo \u00fanico que te pedimos para poder recibirlo adecuadamente es que nos informes al momento de hacer tu reserva.\t\t\t\t\t\t\t\t<\/div>\n\t\t\t\t<\/div>\n\t\t\t\t<div class=\"elementor-element elementor-element-e19bbe4 elementor-widget elementor-widget-text-editor\" data-id=\"e19bbe4\" data-element_type=\"widget\" data-widget_type=\"text-editor.default\">\n\t\t\t\t<div class=\"elementor-widget-container\">\n\t\t\t\t\t\t\t\t\tPara mantener una armon\u00eda y un alto est\u00e1ndar de hospitalidad, pedimos amablemente tu cooperaci\u00f3n con nuestras normas de etiqueta para mascotas, para asegurar una estancia placentera para todos. Estas incluyen mantener a los perros con correa en \u00e1reas p\u00fablicas, minimizar el ruido, mantener limpios los espacios que use tu mascota, ser considerados con otros hu\u00e9spedes, y no dejar a tu mascota desatendida en la habitaci\u00f3n. Si lo necesitas, puedes contar con nuestro servicio de cuidado de mascotas.\t\t\t\t\t\t\t\t<\/div>\n\t\t\t\t<\/div>\n\t\t\t\t\t<\/div>\n\t\t<\/div>\n\t\t\t\t<div class=\"elementor-column elementor-col-50 elementor-top-column elementor-element elementor-element-749d17b\" data-id=\"749d17b\" data-element_type=\"column\">\n\t\t\t<div class=\"elementor-widget-wrap elementor-element-populated\">\n\t\t\t\t\t\t<div class=\"elementor-element elementor-element-4ec64cb elementor-widget elementor-widget-text-editor\" data-id=\"4ec64cb\" data-element_type=\"widget\" data-widget_type=\"text-editor.default\">\n\t\t\t\t<div class=\"elementor-widget-container\">\n\t\t\t\t\t\t\t\t\t<strong>Para tu comodidad y la de todos los hu\u00e9spedes, solo permitimos la estancia de mascotas en algunas habitaciones designadas \u201cPet Friendly\u201d.<\/strong>\t\t\t\t\t\t\t\t<\/div>\n\t\t\t\t<\/div>\n\t\t\t\t<div class=\"elementor-element elementor-element-0369b6d elementor-widget elementor-widget-text-editor\" data-id=\"0369b6d\" data-element_type=\"widget\" data-widget_type=\"text-editor.default\">\n\t\t\t\t<div class=\"elementor-widget-container\">\n\t\t\t\t\t\t\t\t\tNuestro equipo de recepci\u00f3n est\u00e1 a tu disposici\u00f3n para ayudarte a descubrir lugares cercanos donde tu mascota ser\u00e1 bienvenida. La Concordia tiene como objetivo proporcionar una experiencia agradable para todos los hu\u00e9spedes, asegurando que tanto humanos como mascotas tengan una estancia inolvidable.\u200b\t\t\t\t\t\t\t\t<\/div>\n\t\t\t\t<\/div>\n\t\t\t\t\t<\/div>\n\t\t<\/div>\n\t\t\t\t\t<\/div>\n\t\t<\/section>\n\t\t\t\t<section class=\"elementor-section elementor-top-section elementor-element elementor-element-f6da924 elementor-section-full_width elementor-section-height-default elementor-section-height-default\" data-id=\"f6da924\" data-element_type=\"section\">\n\t\t\t\t\t\t<div class=\"elementor-container elementor-column-gap-no\">\n\t\t\t\t\t<div class=\"elementor-column elementor-col-100 elementor-top-column elementor-element elementor-element-e29a8e5\" data-id=\"e29a8e5\" data-element_type=\"column\">\n\t\t\t<div class=\"elementor-widget-wrap elementor-element-populated\">\n\t\t\t\t\t\t<section class=\"elementor-section elementor-inner-section elementor-element elementor-element-2896387 elementor-section-full_width elementor-section-height-default elementor-section-height-default\" data-id=\"2896387\" data-element_type=\"section\">\n\t\t\t\t\t\t<div class=\"elementor-container elementor-column-gap-no\">\n\t\t\t\t\t<div class=\"elementor-column elementor-col-50 elementor-inner-column elementor-element elementor-element-4b0ff70\" data-id=\"4b0ff70\" data-element_type=\"column\" data-settings=\"{&quot;background_background&quot;:&quot;classic&quot;}\">\n\t\t\t<div class=\"elementor-widget-wrap elementor-element-populated\">\n\t\t\t\t\t\t<div class=\"elementor-element elementor-element-d96e237 elementor-widget elementor-widget-spacer\" data-id=\"d96e237\" data-element_type=\"widget\" data-widget_type=\"spacer.default\">\n\t\t\t\t<div class=\"elementor-widget-container\">\n\t\t\t\t\t\t\t<div class=\"elementor-spacer\">\n\t\t\t<div class=\"elementor-spacer-inner\"><\/div>\n\t\t<\/div>\n\t\t\t\t\t\t<\/div>\n\t\t\t\t<\/div>\n\t\t\t\t\t<\/div>\n\t\t<\/div>\n\t\t\t\t<div class=\"elementor-column elementor-col-50 elementor-inner-column elementor-element elementor-element-cae47cb\" data-id=\"cae47cb\" data-element_type=\"column\">\n\t\t\t<div class=\"elementor-widget-wrap elementor-element-populated\">\n\t\t\t\t\t\t<div class=\"elementor-element elementor-element-a7e9296 elementor-widget__width-initial elementor-widget-tablet__width-inherit elementor-widget elementor-widget-spacer\" data-id=\"a7e9296\" data-element_type=\"widget\" data-widget_type=\"spacer.default\">\n\t\t\t\t<div class=\"elementor-widget-container\">\n\t\t\t\t\t\t\t<div class=\"elementor-spacer\">\n\t\t\t<div class=\"elementor-spacer-inner\"><\/div>\n\t\t<\/div>\n\t\t\t\t\t\t<\/div>\n\t\t\t\t<\/div>\n\t\t\t\t\t<\/div>\n\t\t<\/div>\n\t\t\t\t\t<\/div>\n\t\t<\/section>\n\t\t\t\t<section class=\"elementor-section elementor-inner-section elementor-element elementor-element-ddf8056 elementor-hidden-mobile elementor-section-boxed elementor-section-height-default elementor-section-height-default\" data-id=\"ddf8056\" data-element_type=\"section\">\n\t\t\t\t\t\t<div class=\"elementor-container elementor-column-gap-no\">\n\t\t\t\t\t<div class=\"elementor-column elementor-col-100 elementor-inner-column elementor-element elementor-element-ca59856\" data-id=\"ca59856\" data-element_type=\"column\">\n\t\t\t<div class=\"elementor-widget-wrap elementor-element-populated\">\n\t\t\t\t\t\t<div class=\"elementor-element elementor-element-f5a1f1c elementor-widget__width-initial elementor-widget-tablet__width-inherit elementor-widget elementor-widget-spacer\" data-id=\"f5a1f1c\" data-element_type=\"widget\" data-widget_type=\"spacer.default\">\n\t\t\t\t<div class=\"elementor-widget-container\">\n\t\t\t\t\t\t\t<div class=\"elementor-spacer\">\n\t\t\t<div class=\"elementor-spacer-inner\"><\/div>\n\t\t<\/div>\n\t\t\t\t\t\t<\/div>\n\t\t\t\t<\/div>\n\t\t\t\t<div class=\"elementor-element elementor-element-106da25 elementor-widget__width-auto elementor-widget elementor-widget-jkit_button\" data-id=\"106da25\" data-element_type=\"widget\" data-widget_type=\"jkit_button.default\">\n\t\t\t\t<div class=\"elementor-widget-container\">\n\t\t\t\t\t<div  class=\"jeg-elementor-kit jkit-button  icon-position-after jeg_module___69de6633f2f88\" ><a href=\"https:\/\/hotels.cloudbeds.com\/es\/reservation\/yOoWt3?currency=usd\" class=\"jkit-button-wrapper\" target=\"_blank\">Reservar Ahora<\/a><\/div>\t\t\t\t<\/div>\n\t\t\t\t<\/div>\n\t\t\t\t\t<\/div>\n\t\t<\/div>\n\t\t\t\t\t<\/div>\n\t\t<\/section>\n\t\t\t\t\t<\/div>\n\t\t<\/div>\n\t\t\t\t\t<\/div>\n\t\t<\/section>\n\t\t\t\t<\/div>\n\t\t","protected":false},"excerpt":{"rendered":"<p>Somos pet friendly En La Concordia, damos una c\u00e1lida bienvenida a perros entrenados de todos los tama\u00f1os y razas. Lo \u00fanico que te pedimos para poder recibirlo adecuadamente es que nos informes al momento de hacer tu reserva.Para mantener una armon\u00eda y un alto est\u00e1ndar de hospitalidad, pedimos amablemente tu cooperaci\u00f3n con nuestras normas de [&hellip;]<\/p>\n","protected":false},"author":4,"featured_media":0,"parent":0,"menu_order":0,"comment_status":"closed","ping_status":"closed","template":"elementor_header_footer","meta":{"footnotes":""},"class_list":["post-2410","page","type-page","status-publish","hentry"],"_links":{"self":[{"href":"https:\/\/laconcordiapanama.com.pa\/es\/wp-json\/wp\/v2\/pages\/2410","targetHints":{"allow":["GET"]}}],"collection":[{"href":"https:\/\/laconcordiapanama.com.pa\/es\/wp-json\/wp\/v2\/pages"}],"about":[{"href":"https:\/\/laconcordiapanama.com.pa\/es\/wp-json\/wp\/v2\/types\/page"}],"author":[{"embeddable":true,"href":"https:\/\/laconcordiapanama.com.pa\/es\/wp-json\/wp\/v2\/users\/4"}],"replies":[{"embeddable":true,"href":"https:\/\/laconcordiapanama.com.pa\/es\/wp-json\/wp\/v2\/comments?post=2410"}],"version-history":[{"count":40,"href":"https:\/\/laconcordiapanama.com.pa\/es\/wp-json\/wp\/v2\/pages\/2410\/revisions"}],"predecessor-version":[{"id":3753,"href":"https:\/\/laconcordiapanama.com.pa\/es\/wp-json\/wp\/v2\/pages\/2410\/revisions\/3753"}],"wp:attachment":[{"href":"https:\/\/laconcordiapanama.com.pa\/es\/wp-json\/wp\/v2\/media?parent=2410"}],"curies":[{"name":"wp","href":"https:\/\/api.w.org\/{rel}","templated":true}]}}